{"id":50,"date":"2018-04-16T10:50:33","date_gmt":"2018-04-16T08:50:33","guid":{"rendered":"http:\/\/steffikirstenpfad.de\/?page_id=50"},"modified":"2020-11-14T12:21:47","modified_gmt":"2020-11-14T11:21:47","slug":"impressum","status":"publish","type":"page","link":"https:\/\/steffikirstenpfad.de\/?page_id=50","title":{"rendered":"Impressum"},"content":{"rendered":"<p><strong>Anbieterkennzeichnung:<\/strong><\/p>\n<p>Stefanie Kirstenpfad<br \/>\nWesengutstr. 14<br \/>\n44267 Dortmund<\/p>\n<p>Fon: 0231 \/ 5899019<\/p>\n<p>Mobil: 0151\/10732020<\/p>\n<p>Fax: 0231 \/ 5899018<\/p>\n<p>E-Mail:&nbsp;<a title=\"mailto:tanja@schulz-schmuck.de\" href=\"mailto:info@steffikirstenpfad.de\">info@steffikirstenpfad.de<br \/>\n<\/a>Web.:&nbsp;www.steffikirstenpfad.de<\/p>\n<p>Wir bem\u00fchen uns, auf dieser Website richtige und vollst\u00e4ndige Informationen zur Verf\u00fcgung zu stellen.<br \/>\nDas Unternehmen \u00fcbernimmt jedoch keine Haftung oder Garantie f\u00fcr die Aktualit\u00e4t, Richtigkeit und Vollst\u00e4ndigkeit der auf dieser Website bereitgestellten Informationen.<br \/>\nWir behalten uns das Recht vor, ohne vorherige Ank\u00fcndigung \u00c4nderungen oder Erg\u00e4nzungen der bereitgestellten Informationen vorzunehmen.<\/p>\n<p>Gesch\u00e4ftsf\u00fchrer:&nbsp;Stefanie Kirstenpfad<\/p>\n<p>&nbsp;<\/p>\n","protected":false},"excerpt":{"rendered":"<p>Anbieterkennzeichnung: Stefanie Kirstenpfad Wesengutstr. 14 44267 Dortmund Fon: 0231 \/ 5899019 Mobil: 0151\/10732020 Fax: 0231 \/ 5899018 E-Mail:&nbsp;info@steffikirstenpfad.de Web.:&nbsp;www.steffikirstenpfad.de Wir bem\u00fchen uns, auf dieser Website richtige und vollst\u00e4ndige Informationen zur Verf\u00fcgung zu stellen. Das Unternehmen \u00fcbernimmt jedoch keine Haftung oder Garantie f\u00fcr die Aktualit\u00e4t, Richtigkeit und Vollst\u00e4ndigkeit der auf dieser Website bereitgestellten Informationen. Wir behalten &hellip; <\/p>\n","protected":false},"author":1,"featured_media":0,"parent":0,"menu_order":0,"comment_status":"closed","ping_status":"closed","template":"","meta":{"footnotes":""},"class_list":["post-50","page","type-page","status-publish","hentry"],"_links":{"self":[{"href":"https:\/\/steffikirstenpfad.de\/index.php?rest_route=\/wp\/v2\/pages\/50","targetHints":{"allow":["GET"]}}],"collection":[{"href":"https:\/\/steffikirstenpfad.de\/index.php?rest_route=\/wp\/v2\/pages"}],"about":[{"href":"https:\/\/steffikirstenpfad.de\/index.php?rest_route=\/wp\/v2\/types\/page"}],"author":[{"embeddable":true,"href":"https:\/\/steffikirstenpfad.de\/index.php?rest_route=\/wp\/v2\/users\/1"}],"replies":[{"embeddable":true,"href":"https:\/\/steffikirstenpfad.de\/index.php?rest_route=%2Fwp%2Fv2%2Fcomments&post=50"}],"version-history":[{"count":3,"href":"https:\/\/steffikirstenpfad.de\/index.php?rest_route=\/wp\/v2\/pages\/50\/revisions"}],"predecessor-version":[{"id":2269,"href":"https:\/\/steffikirstenpfad.de\/index.php?rest_route=\/wp\/v2\/pages\/50\/revisions\/2269"}],"wp:attachment":[{"href":"https:\/\/steffikirstenpfad.de\/index.php?rest_route=%2Fwp%2Fv2%2Fmedia&parent=50"}],"curies":[{"name":"wp","href":"https:\/\/api.w.org\/{rel}","templated":true}]}}