{"id":153,"date":"2018-04-16T12:39:34","date_gmt":"2018-04-16T10:39:34","guid":{"rendered":"http:\/\/steffikirstenpfad.de\/?page_id=153"},"modified":"2018-11-11T20:45:54","modified_gmt":"2018-11-11T19:45:54","slug":"ueber-mich","status":"publish","type":"page","link":"https:\/\/steffikirstenpfad.de\/?page_id=153","title":{"rendered":"\u00dcber Mich"},"content":{"rendered":"<p style=\"text-align: center;\">\u00dcber Steffi Kirstenpfad<\/p>\n<p>&nbsp;<\/p>\n<p style=\"text-align: center;\">Ich bin Steffi Kirstenpfad und wurde 1972 in Dortmund geboren. Meine Liebe zur Fotografie entdeckte ich schon in fr\u00fchester Kindheit. Zun\u00e4chst lie\u00df ich mich gerne fotografieren und wusste dabei immer, mich perfekt in Szene zu setzen. Als Jugendliche dann begann ich, meine Freundinnen und Freunde abzulichten und erarbeitete mir dadurch nach und nach die notwendigen Kenntnisse, um wundersch\u00f6ne Bilder zu erhalten. Zudem belegte ich zahlreiche Fortbildungen im Bereich der Fotografie.<\/p>\n<p style=\"text-align: center;\">&nbsp;<\/p>\n<p style=\"text-align: center;\">Mit der Geburt meiner wunderbaren Tochter Frieda im August 2013 machte ich mein Hobby endlich zum Beruf und erf\u00fcllte mir damit einen gro\u00dfen Traum. Frieda, die mit Trisomie 21 zur Welt kam, war zu diesem Zeitpunkt nat\u00fcrlich mein bevorzugtes Fotomotiv. Durch die vielen begeisterten R\u00fcckmeldungen erarbeitete ich mir schnell einen Kundenkreis.<\/p>\n<p style=\"text-align: center;\">&nbsp;<\/p>\n<p style=\"text-align: center;\">Durch Frieda lernte ich auch Eltern anderer Kinder, mit und ohne Behinderung kennen und begann mit meinem Herzensprojekt, dem \u201eLieblingsmensch\u201c \u2013 Kalender, der erstmals 2016 erschien und dessen Reinerl\u00f6s stets einem guten Zweck zukommt. Seitdem erscheint der Kalender j\u00e4hrlich mit wechselnden Themen.<\/p>\n<p style=\"text-align: center;\">&nbsp;<\/p>\n<p style=\"text-align: center;\">Ich liebe es, vor allem Kinder zu fotografieren und deren Eigenarten, Besonderheiten und naturgegebene Sch\u00f6nheit in Aufnahmen festzuhalten. Aber auch Erwachsene werden von mir ins beste Licht ger\u00fcckt und sind nicht selten erstaunt, welche Wirkung durch eine gekonnte Szenerie erreicht werden kann.<\/p>\n<p style=\"text-align: center;\">&nbsp;<\/p>\n<p style=\"text-align: center;\">Ich freue mich auf Ihre Anfrage und m\u00f6chte auch Sie oder Ihre Familie durch meine liebevolle und detailverliebte Arbeit begeistern.<\/p>\n<p style=\"text-align: center;\">&nbsp;<\/p>\n<p>&nbsp;<\/p>\n<p><a href=\"https:\/\/steffikirstenpfad.de\/wp-content\/uploads\/2018\/04\/4V9A0271.jpg\"><img loading=\"lazy\" decoding=\"async\" class=\"wp-image-154 aligncenter\" src=\"https:\/\/steffikirstenpfad.de\/wp-content\/uploads\/2018\/04\/4V9A0271.jpg\" alt=\"\" width=\"814\" height=\"543\" srcset=\"https:\/\/steffikirstenpfad.de\/wp-content\/uploads\/2018\/04\/4V9A0271.jpg 1920w, https:\/\/steffikirstenpfad.de\/wp-content\/uploads\/2018\/04\/4V9A0271-300x200.jpg 300w, https:\/\/steffikirstenpfad.de\/wp-content\/uploads\/2018\/04\/4V9A0271-768x512.jpg 768w, https:\/\/steffikirstenpfad.de\/wp-content\/uploads\/2018\/04\/4V9A0271-1024x683.jpg 1024w, https:\/\/steffikirstenpfad.de\/wp-content\/uploads\/2018\/04\/4V9A0271-450x300.jpg 450w, https:\/\/steffikirstenpfad.de\/wp-content\/uploads\/2018\/04\/4V9A0271-90x60.jpg 90w\" sizes=\"auto, (max-width: 814px) 100vw, 814px\" \/><\/a><\/p>\n<p style=\"text-align: center;\">Schon als Kind entdeckte Steffi Kirstenpfad, die 1972 in Dortmund geboren wurde, ihre Liebe zur Fotografie. Zun\u00e4chst lie\u00df sie sich gerne fotografieren und wusste dabei immer, sich perfekt in Szene zu setzen. Als Jugendliche dann begann sie, ihre Freundinnen und Freunde abzulichten und erarbeitete mir dadurch nach und nach die notwendigen Kenntnisse, um wundersch\u00f6ne Bilder zu erhalten. Zus\u00e4tzlich belegte ich einige Fortbildungen im Bereich Kinderfotografie und Bildgestaltung.<\/p>\n<p style=\"text-align: center;\">&nbsp;<\/p>\n<p style=\"text-align: center;\">Mit der Geburt ihrer Tochter Frieda im August 2013 machte sie ihr Hobby endlich zum Beruf und erf\u00fcllte sich damit einen gro\u00dfen Traum. Frieda, die mit Trisomie 21 geboren wurde, war zu diesem Zeitpunkt nat\u00fcrlich ihr bevorzugtes Fotomotiv. Durch die vielen begeisterten R\u00fcckmeldungen erarbeitete sie sich schnell einen Kundenkreis. Zudem belegte sie zahlreiche Fortbildungen im Bereich der Fotografie.<\/p>\n<p style=\"text-align: center;\">&nbsp;<\/p>\n<p style=\"text-align: center;\">Durch Frieda lernte Steffi Kirstenpfad auch Eltern anderer Kinder, mit und ohne Behinderung kennen und begann mit ihrem Herzensprojekt, dem \u201eLieblingsmensch\u201c \u2013 Kalender, der erstmals 2016 erschien und dessen Reinerl\u00f6s stets einem guten Zweck zukommt.<\/p>\n<p style=\"text-align: center;\">&nbsp;<\/p>\n<p style=\"text-align: center;\">Steffi Kirstenpfad eine wunderbare Kinderfotografin versteht es, deren Eigenarten, Besonderheiten und naturgegebene Sch\u00f6nheit in eindrucksvollen Aufnahmen festzuhalten. Aber auch Erwachsene werden ins beste Licht ger\u00fcckt und sind nicht selten erstaunt, welche Wirkungen durch eine gekonnte Szenerie erreicht werden k\u00f6nnen.<\/p>\n<p style=\"text-align: center;\">&nbsp;<\/p>\n<p style=\"text-align: center;\">Steffi Kirstenpfad freut sich auf Ihre Anfrage und wird auch Sie oder Ihre Familie durch ihre liebevolle und detailverliebte Arbeit begeistern.<\/p>\n<p style=\"text-align: center;\">&nbsp;<\/p>\n<p style=\"text-align: center;\">&nbsp;<\/p>\n<p style=\"text-align: center;\">Und jedem Anfang wohnt ein Zauber inne,<\/p>\n<p style=\"text-align: center;\">der uns besch\u00fctzt und der uns hilft,<\/p>\n<p style=\"text-align: center;\">zu leben.<\/p>\n<p style=\"text-align: center;\">&nbsp;<\/p>\n<p style=\"text-align: center;\">Hochzeit<\/p>\n<p style=\"text-align: center;\">Der sch\u00f6nste Tag im Leben verlangt nach einer lebenslangen Erinnerung. Was ist daf\u00fcr besser geeignet als punktgenaue Momentaufnahme voller W\u00e4rme und Emotionen? Lassen Sie sich inspirieren und erhalten Sie Ihren sch\u00f6nsten Tag in bleibender und wundersch\u00f6ner Erinnerung.<\/p>\n<p style=\"text-align: center;\">&nbsp;<\/p>\n<p style=\"text-align: center;\">Kinder<\/p>\n<p style=\"text-align: center;\">Kinder sind eine Bereicherung unseres Lebens und unserer Gesellschaft. Leider werden sie viel zu schnell gro\u00df. Umso sch\u00f6ner, wenn man sich die sch\u00f6nsten Momente auch nach vielen Jahren immer wieder anschauen und \u00fcber die Ver\u00e4nderungen staunen kann.<\/p>\n<p style=\"text-align: center;\">&nbsp;<\/p>\n<p style=\"text-align: center;\">Schwangerschaft<\/p>\n<p style=\"text-align: center;\">Eine Zeit voller Gef\u00fchle und Vorfreude ist die Schwangerschaft. Ein kleiner Mensch w\u00e4chst heran und jede Mama zeigt stolz ihren Bauch. Ich fange die Sch\u00f6nheit der Schwangerschaft ein, damit Sie diese zauberhafte und aufregende Zeit sp\u00e4ter mit dem Nachwuchs Revue passieren lassen k\u00f6nnen und gemeinsam in dieser einzigartigen Erinnerung schwelgen k\u00f6nnen.<\/p>\n<p style=\"text-align: center;\">&nbsp;<\/p>\n<p style=\"text-align: center;\">Taufe\/Kommunion\/Konfirmation<\/p>\n<p style=\"text-align: center;\">Kirchliche Feste sind Meilensteine im Leben eines Kindes und verdienen, in besonders sch\u00f6nen Bildern f\u00fcr die Ewigkeit festgehalten zu werden. Ich begleite Sie durch die Feierlichkeiten und halte alle besonderen Momente, f\u00fcr eine bleibende Erinnerung fest.<\/p>\n","protected":false},"excerpt":{"rendered":"<p>\u00dcber Steffi Kirstenpfad &nbsp; Ich bin Steffi Kirstenpfad und wurde 1972 in Dortmund geboren. Meine Liebe zur Fotografie entdeckte ich schon in fr\u00fchester Kindheit. Zun\u00e4chst lie\u00df ich mich gerne fotografieren und wusste dabei immer, mich perfekt in Szene zu setzen. Als Jugendliche dann begann ich, meine Freundinnen und Freunde abzulichten und erarbeitete mir dadurch nach &hellip; <\/p>\n","protected":false},"author":1,"featured_media":0,"parent":0,"menu_order":0,"comment_status":"closed","ping_status":"closed","template":"","meta":{"footnotes":""},"class_list":["post-153","page","type-page","status-publish","hentry"],"_links":{"self":[{"href":"https:\/\/steffikirstenpfad.de\/index.php?rest_route=\/wp\/v2\/pages\/153","targetHints":{"allow":["GET"]}}],"collection":[{"href":"https:\/\/steffikirstenpfad.de\/index.php?rest_route=\/wp\/v2\/pages"}],"about":[{"href":"https:\/\/steffikirstenpfad.de\/index.php?rest_route=\/wp\/v2\/types\/page"}],"author":[{"embeddable":true,"href":"https:\/\/steffikirstenpfad.de\/index.php?rest_route=\/wp\/v2\/users\/1"}],"replies":[{"embeddable":true,"href":"https:\/\/steffikirstenpfad.de\/index.php?rest_route=%2Fwp%2Fv2%2Fcomments&post=153"}],"version-history":[{"count":3,"href":"https:\/\/steffikirstenpfad.de\/index.php?rest_route=\/wp\/v2\/pages\/153\/revisions"}],"predecessor-version":[{"id":1331,"href":"https:\/\/steffikirstenpfad.de\/index.php?rest_route=\/wp\/v2\/pages\/153\/revisions\/1331"}],"wp:attachment":[{"href":"https:\/\/steffikirstenpfad.de\/index.php?rest_route=%2Fwp%2Fv2%2Fmedia&parent=153"}],"curies":[{"name":"wp","href":"https:\/\/api.w.org\/{rel}","templated":true}]}}